{"id":3177,"date":"2025-08-12T10:28:13","date_gmt":"2025-08-12T10:28:13","guid":{"rendered":"https:\/\/ltacompany.com\/?page_id=3177"},"modified":"2025-08-12T10:29:28","modified_gmt":"2025-08-12T10:29:28","slug":"visite-des-installations-de-hisense","status":"publish","type":"page","link":"https:\/\/ltacompany.com\/pt\/visite-des-installations-de-hisense\/","title":{"rendered":"Visita \u00e0s instala\u00e7\u00f5es da Hisense"},"content":{"rendered":"<div data-elementor-type=\"wp-post\" data-elementor-id=\"3177\" class=\"elementor elementor-3177\">\n\t\t\t\t\t\t<section class=\"elementor-section elementor-top-section elementor-element elementor-element-7116a5b2 elementor-section-boxed elementor-section-height-default elementor-section-height-default\" data-id=\"7116a5b2\" data-element_type=\"section\" data-settings=\"{&quot;background_background&quot;:&quot;classic&quot;}\">\n\t\t\t\t\t\t\t<div class=\"elementor-background-overlay\"><\/div>\n\t\t\t\t\t\t\t<div class=\"elementor-container elementor-column-gap-no\">\n\t\t\t\t\t<div class=\"elementor-column elementor-col-100 elementor-top-column elementor-element elementor-element-6439be06\" data-id=\"6439be06\" data-element_type=\"column\" data-settings=\"{&quot;background_background&quot;:&quot;classic&quot;}\">\n\t\t\t<div class=\"elementor-widget-wrap elementor-element-populated\">\n\t\t\t\t\t\t<div class=\"elementor-element elementor-element-198df6ee elementor-widget elementor-widget-heading\" data-id=\"198df6ee\" data-element_type=\"widget\" data-widget_type=\"heading.default\">\n\t\t\t\t<div class=\"elementor-widget-container\">\n\t\t\t<style>\/*! elementor - v3.19.0 - 26-02-2024 *\/\n.elementor-heading-title{padding:0;margin:0;line-height:1}.elementor-widget-heading .elementor-heading-title[class*=elementor-size-]>a{color:inherit;font-size:inherit;line-height:inherit}.elementor-widget-heading .elementor-heading-title.elementor-size-small{font-size:15px}.elementor-widget-heading .elementor-heading-title.elementor-size-medium{font-size:19px}.elementor-widget-heading .elementor-heading-title.elementor-size-large{font-size:29px}.elementor-widget-heading .elementor-heading-title.elementor-size-xl{font-size:39px}.elementor-widget-heading .elementor-heading-title.elementor-size-xxl{font-size:59px}<\/style><h1 class=\"elementor-heading-title elementor-size-default\">Visita \u00e0s instala\u00e7\u00f5es da Hisense<\/h1>\t\t<\/div>\n\t\t\t\t<\/div>\n\t\t\t\t\t<\/div>\n\t\t<\/div>\n\t\t\t\t\t<\/div>\n\t\t<\/section>\n\t\t\t\t<section class=\"elementor-section elementor-top-section elementor-element elementor-element-5dd8a8e6 elementor-section-boxed elementor-section-height-default elementor-section-height-default\" data-id=\"5dd8a8e6\" data-element_type=\"section\" data-settings=\"{&quot;background_background&quot;:&quot;classic&quot;}\">\n\t\t\t\t\t\t<div class=\"elementor-container elementor-column-gap-no\">\n\t\t\t\t\t<div class=\"elementor-column elementor-col-100 elementor-top-column elementor-element elementor-element-4701e399\" data-id=\"4701e399\" data-element_type=\"column\" data-settings=\"{&quot;background_background&quot;:&quot;classic&quot;}\">\n\t\t\t<div class=\"elementor-widget-wrap elementor-element-populated\">\n\t\t\t\t\t\t<section class=\"elementor-section elementor-inner-section elementor-element elementor-element-4eb44e22 elementor-section-boxed elementor-section-height-default elementor-section-height-default\" data-id=\"4eb44e22\" data-element_type=\"section\">\n\t\t\t\t\t\t<div class=\"elementor-container elementor-column-gap-default\">\n\t\t\t\t\t<div class=\"elementor-column elementor-col-100 elementor-inner-column elementor-element elementor-element-66e076c0\" data-id=\"66e076c0\" data-element_type=\"column\" data-settings=\"{&quot;background_background&quot;:&quot;classic&quot;}\">\n\t\t\t<div class=\"elementor-widget-wrap elementor-element-populated\">\n\t\t\t\t\t\t<div class=\"elementor-element elementor-element-513b8835 elementor-widget elementor-widget-image\" data-id=\"513b8835\" data-element_type=\"widget\" data-widget_type=\"image.default\">\n\t\t\t\t<div class=\"elementor-widget-container\">\n\t\t\t<style>\/*! elementor - v3.19.0 - 26-02-2024 *\/\n.elementor-widget-image{text-align:center}.elementor-widget-image a{display:inline-block}.elementor-widget-image a img[src$=\".svg\"]{width:48px}.elementor-widget-image img{vertical-align:middle;display:inline-block}<\/style>\t\t\t\t\t\t\t\t\t\t<img fetchpriority=\"high\" decoding=\"async\" width=\"1024\" height=\"768\" src=\"https:\/\/ltacompany.com\/wp-content\/uploads\/2025\/08\/503838610_1215921297100361_9046385476114366291_n-1024x768.jpg\" class=\"attachment-large size-large wp-image-3176\" alt=\"\" srcset=\"https:\/\/ltacompany.com\/wp-content\/uploads\/2025\/08\/503838610_1215921297100361_9046385476114366291_n-1024x768.jpg 1024w, https:\/\/ltacompany.com\/wp-content\/uploads\/2025\/08\/503838610_1215921297100361_9046385476114366291_n-300x225.jpg 300w, https:\/\/ltacompany.com\/wp-content\/uploads\/2025\/08\/503838610_1215921297100361_9046385476114366291_n-768x576.jpg 768w, https:\/\/ltacompany.com\/wp-content\/uploads\/2025\/08\/503838610_1215921297100361_9046385476114366291_n.jpg 1280w\" sizes=\"(max-width: 1024px) 100vw, 1024px\" \/>\t\t\t\t\t\t\t\t\t\t\t\t\t<\/div>\n\t\t\t\t<\/div>\n\t\t\t\t<div class=\"elementor-element elementor-element-8f413a6 elementor-widget elementor-widget-text-editor\" data-id=\"8f413a6\" data-element_type=\"widget\" data-widget_type=\"text-editor.default\">\n\t\t\t\t<div class=\"elementor-widget-container\">\n\t\t\t<style>\/*! elementor - v3.19.0 - 26-02-2024 *\/\n.elementor-widget-text-editor.elementor-drop-cap-view-stacked .elementor-drop-cap{background-color:#69727d;color:#fff}.elementor-widget-text-editor.elementor-drop-cap-view-framed .elementor-drop-cap{color:#69727d;border:3px solid;background-color:transparent}.elementor-widget-text-editor:not(.elementor-drop-cap-view-default) .elementor-drop-cap{margin-top:8px}.elementor-widget-text-editor:not(.elementor-drop-cap-view-default) .elementor-drop-cap-letter{width:1em;height:1em}.elementor-widget-text-editor .elementor-drop-cap{float:left;text-align:center;line-height:1;font-size:50px}.elementor-widget-text-editor .elementor-drop-cap-letter{display:inline-block}<\/style>\t\t\t\t<p style=\"text-align: left;\">05-06-2025<\/p><p>Grande nouvelle pour LTA ! Notre PDG a visit\u00e9 les installations d&rsquo;Hisense \u00e0 Qingdao, en Chine, et l&rsquo;exp\u00e9rience a \u00e9t\u00e9 absolument inspirante !<\/p><p>La visite a inclus un tour de l&rsquo;innovante \u00ab\u00a0usine phare VRF\u00a0\u00bb \u2013 un t\u00e9moignage de l&rsquo;avant-garde technologique d&rsquo;Hisense HVAC et de son d\u00e9vouement \u00e0 la qualit\u00e9 et \u00e0 la confiance. Cette exp\u00e9rience a renforc\u00e9 notre confiance dans le partenariat et dans les opportunit\u00e9s \u00e0 venir.<\/p>\t\t\t\t\t\t<\/div>\n\t\t\t\t<\/div>\n\t\t\t\t\t<\/div>\n\t\t<\/div>\n\t\t\t\t\t<\/div>\n\t\t<\/section>\n\t\t\t\t<div class=\"elementor-element elementor-element-63fb5f4 elementor-widget elementor-widget-button\" data-id=\"63fb5f4\" data-element_type=\"widget\" data-widget_type=\"button.default\">\n\t\t\t\t<div class=\"elementor-widget-container\">\n\t\t\t\t\t<div class=\"elementor-button-wrapper\">\n\t\t\t<a class=\"elementor-button elementor-button-link elementor-size-sm\" href=\"https:\/\/ltacompany.com\/pt\/actualite\/\">\n\t\t\t\t\t\t<span class=\"elementor-button-content-wrapper\">\n\t\t\t\t\t\t<span class=\"elementor-button-text\">Retourner<\/span>\n\t\t<\/span>\n\t\t\t\t\t<\/a>\n\t\t<\/div>\n\t\t\t\t<\/div>\n\t\t\t\t<\/div>\n\t\t\t\t\t<\/div>\n\t\t<\/div>\n\t\t\t\t\t<\/div>\n\t\t<\/section>\n\t\t\t\t<\/div>","protected":false},"excerpt":{"rendered":"<p>Visite des installations de Hisense 05-06-2025 Grande nouvelle pour LTA ! Notre PDG a visit\u00e9 les installations d&rsquo;Hisense \u00e0 Qingdao, en Chine, et l&rsquo;exp\u00e9rience a \u00e9t\u00e9 absolument inspirante ! La visite a inclus un tour de l&rsquo;innovante \u00ab\u00a0usine phare VRF\u00a0\u00bb \u2013 un t\u00e9moignage de l&rsquo;avant-garde technologique d&rsquo;Hisense HVAC et de son d\u00e9vouement \u00e0 la qualit\u00e9 [&hellip;]<\/p>","protected":false},"author":1,"featured_media":0,"parent":0,"menu_order":0,"comment_status":"closed","ping_status":"closed","template":"","meta":{"site-sidebar-layout":"no-sidebar","site-content-layout":"page-builder","ast-site-content-layout":"","site-content-style":"default","site-sidebar-style":"default","ast-global-header-display":"","ast-banner-title-visibility":"","ast-main-header-display":"","ast-hfb-above-header-display":"","ast-hfb-below-header-display":"","ast-hfb-mobile-header-display":"","site-post-title":"disabled","ast-breadcrumbs-content":"","ast-featured-img":"disabled","footer-sml-layout":"","theme-transparent-header-meta":"enabled","adv-header-id-meta":"","stick-header-meta":"","header-above-stick-meta":"","header-main-stick-meta":"","header-below-stick-meta":"","astra-migrate-meta-layouts":"default","ast-page-background-enabled":"default","ast-page-background-meta":{"desktop":{"background-color":"","background-image":"","background-repeat":"repeat","background-position":"center center","background-size":"auto","background-attachment":"scroll","background-type":"","background-media":"","overlay-type":"","overlay-color":"","overlay-gradient":""},"tablet":{"background-color":"","background-image":"","background-repeat":"repeat","background-position":"center center","background-size":"auto","background-attachment":"scroll","background-type":"","background-media":"","overlay-type":"","overlay-color":"","overlay-gradient":""},"mobile":{"background-color":"","background-image":"","background-repeat":"repeat","background-position":"center center","background-size":"auto","background-attachment":"scroll","background-type":"","background-media":"","overlay-type":"","overlay-color":"","overlay-gradient":""}},"ast-content-background-meta":{"desktop":{"background-color":"var(--ast-global-color-5)","background-image":"","background-repeat":"repeat","background-position":"center center","background-size":"auto","background-attachment":"scroll","background-type":"","background-media":"","overlay-type":"","overlay-color":"","overlay-gradient":""},"tablet":{"background-color":"var(--ast-global-color-5)","background-image":"","background-repeat":"repeat","background-position":"center center","background-size":"auto","background-attachment":"scroll","background-type":"","background-media":"","overlay-type":"","overlay-color":"","overlay-gradient":""},"mobile":{"background-color":"var(--ast-global-color-5)","background-image":"","background-repeat":"repeat","background-position":"center center","background-size":"auto","background-attachment":"scroll","background-type":"","background-media":"","overlay-type":"","overlay-color":"","overlay-gradient":""}},"footnotes":""},"class_list":["post-3177","page","type-page","status-publish","hentry"],"_links":{"self":[{"href":"https:\/\/ltacompany.com\/pt\/wp-json\/wp\/v2\/pages\/3177","targetHints":{"allow":["GET"]}}],"collection":[{"href":"https:\/\/ltacompany.com\/pt\/wp-json\/wp\/v2\/pages"}],"about":[{"href":"https:\/\/ltacompany.com\/pt\/wp-json\/wp\/v2\/types\/page"}],"author":[{"embeddable":true,"href":"https:\/\/ltacompany.com\/pt\/wp-json\/wp\/v2\/users\/1"}],"replies":[{"embeddable":true,"href":"https:\/\/ltacompany.com\/pt\/wp-json\/wp\/v2\/comments?post=3177"}],"version-history":[{"count":4,"href":"https:\/\/ltacompany.com\/pt\/wp-json\/wp\/v2\/pages\/3177\/revisions"}],"predecessor-version":[{"id":3182,"href":"https:\/\/ltacompany.com\/pt\/wp-json\/wp\/v2\/pages\/3177\/revisions\/3182"}],"wp:attachment":[{"href":"https:\/\/ltacompany.com\/pt\/wp-json\/wp\/v2\/media?parent=3177"}],"curies":[{"name":"wp","href":"https:\/\/api.w.org\/{rel}","templated":true}]}}