{"id":2087,"date":"2021-11-25T14:48:09","date_gmt":"2021-11-25T14:48:09","guid":{"rendered":"https:\/\/ltacompany.com\/?page_id=2087"},"modified":"2021-11-26T15:20:52","modified_gmt":"2021-11-26T15:20:52","slug":"iter","status":"publish","type":"page","link":"https:\/\/ltacompany.com\/pt\/iter\/","title":{"rendered":"Projeto ITER"},"content":{"rendered":"<div data-elementor-type=\"wp-post\" data-elementor-id=\"2087\" class=\"elementor elementor-2087\">\n\t\t\t\t\t\t<section class=\"elementor-section elementor-top-section elementor-element elementor-element-7116a5b2 elementor-section-boxed elementor-section-height-default elementor-section-height-default\" data-id=\"7116a5b2\" data-element_type=\"section\" data-settings=\"{&quot;background_background&quot;:&quot;classic&quot;}\">\n\t\t\t\t\t\t\t<div class=\"elementor-background-overlay\"><\/div>\n\t\t\t\t\t\t\t<div class=\"elementor-container elementor-column-gap-no\">\n\t\t\t\t\t<div class=\"elementor-column elementor-col-100 elementor-top-column elementor-element elementor-element-6439be06\" data-id=\"6439be06\" data-element_type=\"column\" data-settings=\"{&quot;background_background&quot;:&quot;classic&quot;}\">\n\t\t\t<div class=\"elementor-widget-wrap elementor-element-populated\">\n\t\t\t\t\t\t<div class=\"elementor-element elementor-element-198df6ee elementor-widget elementor-widget-heading\" data-id=\"198df6ee\" data-element_type=\"widget\" data-widget_type=\"heading.default\">\n\t\t\t\t<div class=\"elementor-widget-container\">\n\t\t\t<style>\/*! elementor - v3.19.0 - 26-02-2024 *\/\n.elementor-heading-title{padding:0;margin:0;line-height:1}.elementor-widget-heading .elementor-heading-title[class*=elementor-size-]>a{color:inherit;font-size:inherit;line-height:inherit}.elementor-widget-heading .elementor-heading-title.elementor-size-small{font-size:15px}.elementor-widget-heading .elementor-heading-title.elementor-size-medium{font-size:19px}.elementor-widget-heading .elementor-heading-title.elementor-size-large{font-size:29px}.elementor-widget-heading .elementor-heading-title.elementor-size-xl{font-size:39px}.elementor-widget-heading .elementor-heading-title.elementor-size-xxl{font-size:59px}<\/style><h1 class=\"elementor-heading-title elementor-size-default\">Projeto ITER<\/h1>\t\t<\/div>\n\t\t\t\t<\/div>\n\t\t\t\t\t<\/div>\n\t\t<\/div>\n\t\t\t\t\t<\/div>\n\t\t<\/section>\n\t\t\t\t<section class=\"elementor-section elementor-top-section elementor-element elementor-element-5dd8a8e6 elementor-section-boxed elementor-section-height-default elementor-section-height-default\" data-id=\"5dd8a8e6\" data-element_type=\"section\" data-settings=\"{&quot;background_background&quot;:&quot;classic&quot;}\">\n\t\t\t\t\t\t<div class=\"elementor-container elementor-column-gap-no\">\n\t\t\t\t\t<div class=\"elementor-column elementor-col-100 elementor-top-column elementor-element elementor-element-4701e399\" data-id=\"4701e399\" data-element_type=\"column\" data-settings=\"{&quot;background_background&quot;:&quot;classic&quot;}\">\n\t\t\t<div class=\"elementor-widget-wrap elementor-element-populated\">\n\t\t\t\t\t\t<section class=\"elementor-section elementor-inner-section elementor-element elementor-element-4eb44e22 elementor-section-boxed elementor-section-height-default elementor-section-height-default\" data-id=\"4eb44e22\" data-element_type=\"section\">\n\t\t\t\t\t\t<div class=\"elementor-container elementor-column-gap-default\">\n\t\t\t\t\t<div class=\"elementor-column elementor-col-100 elementor-inner-column elementor-element elementor-element-66e076c0\" data-id=\"66e076c0\" data-element_type=\"column\" data-settings=\"{&quot;background_background&quot;:&quot;classic&quot;}\">\n\t\t\t<div class=\"elementor-widget-wrap elementor-element-populated\">\n\t\t\t\t\t\t<div class=\"elementor-element elementor-element-513b8835 elementor-widget elementor-widget-image\" data-id=\"513b8835\" data-element_type=\"widget\" data-widget_type=\"image.default\">\n\t\t\t\t<div class=\"elementor-widget-container\">\n\t\t\t<style>\/*! elementor - v3.19.0 - 26-02-2024 *\/\n.elementor-widget-image{text-align:center}.elementor-widget-image a{display:inline-block}.elementor-widget-image a img[src$=\".svg\"]{width:48px}.elementor-widget-image img{vertical-align:middle;display:inline-block}<\/style>\t\t\t\t\t\t\t\t\t\t<img fetchpriority=\"high\" decoding=\"async\" width=\"1024\" height=\"636\" src=\"https:\/\/ltacompany.com\/wp-content\/uploads\/2021\/12\/platform_may_2020_riche_ed_small-1-1024x636.jpg\" class=\"attachment-large size-large wp-image-2704\" alt=\"\" srcset=\"https:\/\/ltacompany.com\/wp-content\/uploads\/2021\/12\/platform_may_2020_riche_ed_small-1-1024x636.jpg 1024w, https:\/\/ltacompany.com\/wp-content\/uploads\/2021\/12\/platform_may_2020_riche_ed_small-1-300x186.jpg 300w, https:\/\/ltacompany.com\/wp-content\/uploads\/2021\/12\/platform_may_2020_riche_ed_small-1-768x477.jpg 768w, https:\/\/ltacompany.com\/wp-content\/uploads\/2021\/12\/platform_may_2020_riche_ed_small-1-1536x954.jpg 1536w, https:\/\/ltacompany.com\/wp-content\/uploads\/2021\/12\/platform_may_2020_riche_ed_small-1-2048x1272.jpg 2048w\" sizes=\"(max-width: 1024px) 100vw, 1024px\" \/>\t\t\t\t\t\t\t\t\t\t\t\t\t<\/div>\n\t\t\t\t<\/div>\n\t\t\t\t<div class=\"elementor-element elementor-element-8f413a6 elementor-widget elementor-widget-text-editor\" data-id=\"8f413a6\" data-element_type=\"widget\" data-widget_type=\"text-editor.default\">\n\t\t\t\t<div class=\"elementor-widget-container\">\n\t\t\t<style>\/*! elementor - v3.19.0 - 26-02-2024 *\/\n.elementor-widget-text-editor.elementor-drop-cap-view-stacked .elementor-drop-cap{background-color:#69727d;color:#fff}.elementor-widget-text-editor.elementor-drop-cap-view-framed .elementor-drop-cap{color:#69727d;border:3px solid;background-color:transparent}.elementor-widget-text-editor:not(.elementor-drop-cap-view-default) .elementor-drop-cap{margin-top:8px}.elementor-widget-text-editor:not(.elementor-drop-cap-view-default) .elementor-drop-cap-letter{width:1em;height:1em}.elementor-widget-text-editor .elementor-drop-cap{float:left;text-align:center;line-height:1;font-size:50px}.elementor-widget-text-editor .elementor-drop-cap-letter{display:inline-block}<\/style>\t\t\t\t<p>17-11-2020<\/p><p><br \/>ITER est l&rsquo;un des projets et chantiers, les plus ambitieux au monde dans le domaine de l&rsquo;\u00e9nergie.<\/p><p>Situ\u00e9 en France, \u00e0 Cadarache \u2013 Saint Paul-lez-Durance (Bouches-du-Rh\u00f4ne), 35 pays sont engag\u00e9s dans la construction du plus grand Tokamak jamais con\u00e7u, une machine qui doit d\u00e9montrer que la fusion \u2014 l&rsquo;\u00e9nergie du Soleil et des \u00e9toiles \u2014 peut \u00eatre utilis\u00e9e comme source d&rsquo;\u00e9nergie \u00e0 grande \u00e9chelle, non \u00e9mettrice de CO2, pour produire de l&rsquo;\u00e9lectricit\u00e9.<\/p><p>Les r\u00e9sultats du programme scientifique d&rsquo;ITER seront d\u00e9cisifs pour ouvrir la voie aux centrales de fusion \u00e9lectrog\u00e8nes de demain.<\/p><p>ITER sera la premi\u00e8re installation de fusion capable de produire une quantit\u00e9 d&rsquo;\u00e9nergie nette. La machine r\u00e9alisera des d\u00e9charges de plasma de longue dur\u00e9e et testera \u00e9galement, pour la premi\u00e8re fois, les technologies, les mat\u00e9riaux, ainsi que les r\u00e9gimes de plasma requis pour produire de l&rsquo;\u00e9lectricit\u00e9 dans une perspective commerciale.<\/p><p>Des milliers d\u2019hommes et de femmes provenant de diverses entreprises travaillent pour ce projet et LTA CONCEPT en fait partie.<\/p><p>Depuis septembre 2020, notre soci\u00e9t\u00e9 intervient sur le chantier ITER pour le montage d\u2019\u00e9quipements (gaines galvanis\u00e9es) des syst\u00e8mes de ventilation du complexe Tokamak et des b\u00e2timents environnants.<\/p>\t\t\t\t\t\t<\/div>\n\t\t\t\t<\/div>\n\t\t\t\t\t<\/div>\n\t\t<\/div>\n\t\t\t\t\t<\/div>\n\t\t<\/section>\n\t\t\t\t<div class=\"elementor-element elementor-element-63fb5f4 elementor-widget elementor-widget-button\" data-id=\"63fb5f4\" data-element_type=\"widget\" data-widget_type=\"button.default\">\n\t\t\t\t<div class=\"elementor-widget-container\">\n\t\t\t\t\t<div class=\"elementor-button-wrapper\">\n\t\t\t<a class=\"elementor-button elementor-button-link elementor-size-sm\" href=\"https:\/\/ltacompany.com\/pt\/?page_id=2075\">\n\t\t\t\t\t\t<span class=\"elementor-button-content-wrapper\">\n\t\t\t\t\t\t<span class=\"elementor-button-text\">Retourner<\/span>\n\t\t<\/span>\n\t\t\t\t\t<\/a>\n\t\t<\/div>\n\t\t\t\t<\/div>\n\t\t\t\t<\/div>\n\t\t\t\t\t<\/div>\n\t\t<\/div>\n\t\t\t\t\t<\/div>\n\t\t<\/section>\n\t\t\t\t<\/div>","protected":false},"excerpt":{"rendered":"<p>Projet ITER 17-11-2020 ITER est l&rsquo;un des projets et chantiers, les plus ambitieux au monde dans le domaine de l&rsquo;\u00e9nergie. Situ\u00e9 en France, \u00e0 Cadarache \u2013 Saint Paul-lez-Durance (Bouches-du-Rh\u00f4ne), 35 pays sont engag\u00e9s dans la construction du plus grand Tokamak jamais con\u00e7u, une machine qui doit d\u00e9montrer que la fusion \u2014 l&rsquo;\u00e9nergie du Soleil et [&hellip;]<\/p>","protected":false},"author":1,"featured_media":0,"parent":0,"menu_order":0,"comment_status":"closed","ping_status":"closed","template":"","meta":{"site-sidebar-layout":"no-sidebar","site-content-layout":"page-builder","ast-site-content-layout":"","site-content-style":"default","site-sidebar-style":"default","ast-global-header-display":"","ast-banner-title-visibility":"","ast-main-header-display":"","ast-hfb-above-header-display":"","ast-hfb-below-header-display":"","ast-hfb-mobile-header-display":"","site-post-title":"disabled","ast-breadcrumbs-content":"","ast-featured-img":"disabled","footer-sml-layout":"","theme-transparent-header-meta":"enabled","adv-header-id-meta":"","stick-header-meta":"","header-above-stick-meta":"","header-main-stick-meta":"","header-below-stick-meta":"","astra-migrate-meta-layouts":"default","ast-page-background-enabled":"default","ast-page-background-meta":{"desktop":{"background-color":"","background-image":"","background-repeat":"repeat","background-position":"center center","background-size":"auto","background-attachment":"scroll","background-type":"","background-media":"","overlay-type":"","overlay-color":"","overlay-gradient":""},"tablet":{"background-color":"","background-image":"","background-repeat":"repeat","background-position":"center center","background-size":"auto","background-attachment":"scroll","background-type":"","background-media":"","overlay-type":"","overlay-color":"","overlay-gradient":""},"mobile":{"background-color":"","background-image":"","background-repeat":"repeat","background-position":"center center","background-size":"auto","background-attachment":"scroll","background-type":"","background-media":"","overlay-type":"","overlay-color":"","overlay-gradient":""}},"ast-content-background-meta":{"desktop":{"background-color":"var(--ast-global-color-5)","background-image":"","background-repeat":"repeat","background-position":"center center","background-size":"auto","background-attachment":"scroll","background-type":"","background-media":"","overlay-type":"","overlay-color":"","overlay-gradient":""},"tablet":{"background-color":"var(--ast-global-color-5)","background-image":"","background-repeat":"repeat","background-position":"center center","background-size":"auto","background-attachment":"scroll","background-type":"","background-media":"","overlay-type":"","overlay-color":"","overlay-gradient":""},"mobile":{"background-color":"var(--ast-global-color-5)","background-image":"","background-repeat":"repeat","background-position":"center center","background-size":"auto","background-attachment":"scroll","background-type":"","background-media":"","overlay-type":"","overlay-color":"","overlay-gradient":""}},"footnotes":""},"class_list":["post-2087","page","type-page","status-publish","hentry"],"_links":{"self":[{"href":"https:\/\/ltacompany.com\/pt\/wp-json\/wp\/v2\/pages\/2087","targetHints":{"allow":["GET"]}}],"collection":[{"href":"https:\/\/ltacompany.com\/pt\/wp-json\/wp\/v2\/pages"}],"about":[{"href":"https:\/\/ltacompany.com\/pt\/wp-json\/wp\/v2\/types\/page"}],"author":[{"embeddable":true,"href":"https:\/\/ltacompany.com\/pt\/wp-json\/wp\/v2\/users\/1"}],"replies":[{"embeddable":true,"href":"https:\/\/ltacompany.com\/pt\/wp-json\/wp\/v2\/comments?post=2087"}],"version-history":[{"count":19,"href":"https:\/\/ltacompany.com\/pt\/wp-json\/wp\/v2\/pages\/2087\/revisions"}],"predecessor-version":[{"id":2114,"href":"https:\/\/ltacompany.com\/pt\/wp-json\/wp\/v2\/pages\/2087\/revisions\/2114"}],"wp:attachment":[{"href":"https:\/\/ltacompany.com\/pt\/wp-json\/wp\/v2\/media?parent=2087"}],"curies":[{"name":"wp","href":"https:\/\/api.w.org\/{rel}","templated":true}]}}